{"id":60,"date":"2013-06-07T11:12:55","date_gmt":"2013-06-07T11:12:55","guid":{"rendered":"http:\/\/demo.woothemes.com\/woocommerce\/?post_type=product&#038;p=60"},"modified":"2026-04-18T10:45:01","modified_gmt":"2026-04-18T07:45:01","slug":"cubic-cable-holder","status":"publish","type":"product","link":"https:\/\/hylecode.com\/mottomenu\/product\/cubic-cable-holder\/","title":{"rendered":"Motto Chicken Burger"},"content":{"rendered":"","protected":false},"excerpt":{"rendered":"<p>Tavuk fileto, ye\u015fillik, domates, korni\u015fon tur\u015fu , karemelize so\u011fan, motto sos, patates k\u0131zartmas\u0131 ve salata.<\/p>\n","protected":false},"featured_media":1033,"template":"","meta":[],"product_cat":[34],"product_tag":[],"class_list":{"0":"post-60","1":"product","2":"type-product","3":"status-publish","4":"has-post-thumbnail","6":"product_cat-burgerler","8":"first","9":"instock","10":"shipping-taxable","11":"purchasable","12":"product-type-variable"},"_links":{"self":[{"href":"https:\/\/hylecode.com\/mottomenu\/wp-json\/wp\/v2\/product\/60","targetHints":{"allow":["GET"]}}],"collection":[{"href":"https:\/\/hylecode.com\/mottomenu\/wp-json\/wp\/v2\/product"}],"about":[{"href":"https:\/\/hylecode.com\/mottomenu\/wp-json\/wp\/v2\/types\/product"}],"wp:featuredmedia":[{"embeddable":true,"href":"https:\/\/hylecode.com\/mottomenu\/wp-json\/wp\/v2\/media\/1033"}],"wp:attachment":[{"href":"https:\/\/hylecode.com\/mottomenu\/wp-json\/wp\/v2\/media?parent=60"}],"wp:term":[{"taxonomy":"product_cat","embeddable":true,"href":"https:\/\/hylecode.com\/mottomenu\/wp-json\/wp\/v2\/product_cat?post=60"},{"taxonomy":"product_tag","embeddable":true,"href":"https:\/\/hylecode.com\/mottomenu\/wp-json\/wp\/v2\/product_tag?post=60"}],"curies":[{"name":"wp","href":"https:\/\/api.w.org\/{rel}","templated":true}]}}