{"id":1350,"date":"2021-07-02T22:18:23","date_gmt":"2021-07-02T19:18:23","guid":{"rendered":"https:\/\/hylecode.com\/mottomenu\/?post_type=product&#038;p=1350"},"modified":"2026-04-18T11:41:29","modified_gmt":"2026-04-18T08:41:29","slug":"izgara-tavuk-salata","status":"publish","type":"product","link":"https:\/\/hylecode.com\/mottomenu\/product\/izgara-tavuk-salata\/","title":{"rendered":"Izgara Tavuk Salata"},"content":{"rendered":"","protected":false},"excerpt":{"rendered":"<p>Akdeniz ye\u015fillikleri, domates, mor lahana tur\u015fusu, salatal\u0131k, havu\u00e7, marine edilmi\u015f tavuk dilimleri, m\u0131s\u0131r.<\/p>\n","protected":false},"featured_media":1055,"template":"","meta":[],"product_cat":[39],"product_tag":[],"class_list":{"0":"post-1350","1":"product","2":"type-product","3":"status-publish","4":"has-post-thumbnail","6":"product_cat-salata","8":"first","9":"instock","10":"shipping-taxable","11":"purchasable","12":"product-type-variable"},"_links":{"self":[{"href":"https:\/\/hylecode.com\/mottomenu\/wp-json\/wp\/v2\/product\/1350","targetHints":{"allow":["GET"]}}],"collection":[{"href":"https:\/\/hylecode.com\/mottomenu\/wp-json\/wp\/v2\/product"}],"about":[{"href":"https:\/\/hylecode.com\/mottomenu\/wp-json\/wp\/v2\/types\/product"}],"wp:featuredmedia":[{"embeddable":true,"href":"https:\/\/hylecode.com\/mottomenu\/wp-json\/wp\/v2\/media\/1055"}],"wp:attachment":[{"href":"https:\/\/hylecode.com\/mottomenu\/wp-json\/wp\/v2\/media?parent=1350"}],"wp:term":[{"taxonomy":"product_cat","embeddable":true,"href":"https:\/\/hylecode.com\/mottomenu\/wp-json\/wp\/v2\/product_cat?post=1350"},{"taxonomy":"product_tag","embeddable":true,"href":"https:\/\/hylecode.com\/mottomenu\/wp-json\/wp\/v2\/product_tag?post=1350"}],"curies":[{"name":"wp","href":"https:\/\/api.w.org\/{rel}","templated":true}]}}