{"id":2162,"date":"2024-11-16T16:52:58","date_gmt":"2024-11-16T13:52:58","guid":{"rendered":"https:\/\/hylecode.com\/mottomenu\/?page_id=2162"},"modified":"2025-09-30T19:12:30","modified_gmt":"2025-09-30T16:12:30","slug":"mainn","status":"publish","type":"page","link":"https:\/\/hylecode.com\/mottomenu\/","title":{"rendered":""},"content":{"rendered":"\n<style>\n       \n\n     \n\n        .container_buttons {\n            display: grid;\n            grid-template-columns: repeat(2, 1fr); \n            gap: 10px; \n            max-width: 400px; \n            width: 100%; \n            padding: 10px; \n            border-radius: 8px;\n            box-shadow: 0 4px 6px rgba(0, 0, 0, 0.1);\n        }\n\n        .container_buttons a {\n           display: flex;\n    justify-content: center;\n    align-items: center;\n    height: 60px;\n    background-color: #fdb813;\n    color: #000000;\n    text-decoration: none;\n    border-radius: 5px;\n    font-size: 16px;\n    font-weight: bold;\n    text-align: center;\n    text-transform: uppercase;\n        }\n\n        .container_buttons a:hover {\n            background-color: #0056b3; \n        }\n    <\/style> \n<div class=\"container_buttons\">\n     \t<a href=\"https:\/\/hylecode.com\/mottomenu\/ekonomik-menuler\">Ekonomik Men\u00fcler<\/a>\n         <a href=\"https:\/\/hylecode.com\/mottomenu\/burgerler\">Burgerler<\/a>\n         <a href=\"https:\/\/hylecode.com\/mottomenu\/makarnalar\">Makarnalar<\/a>\n         <a href=\"https:\/\/hylecode.com\/mottomenu\/kids-burgerler\">Kids Burgerler<\/a>\n         <a href=\"https:\/\/hylecode.com\/mottomenu\/hot-dog\">Hot Dogs<\/a>\n         <a href=\"https:\/\/hylecode.com\/mottomenu\/special\">SPEC\u0130AL<\/a>\n         <a href=\"https:\/\/hylecode.com\/mottomenu\/salatalar\">Salatalar<\/a>\n         <a href=\"https:\/\/hylecode.com\/mottomenu\/aperatifler\">Aperatifler<\/a>\n        <a href=\"https:\/\/hylecode.com\/mottomenu\/alkolluler\">Alkoll\u00fcler<\/a>\n        <a href=\"https:\/\/hylecode.com\/mottomenu\/icecekler\">\u0130\u00e7ecekler<\/a>\n        <a href=\"https:\/\/hylecode.com\/mottomenu\/sicak-icecekler\">S\u0131cak \u0130\u00e7ecekler<\/a>\n       \n    <\/div>\n\n\n\n<p><\/p>\n","protected":false},"excerpt":{"rendered":"<p>Ekonomik Men\u00fcler Burgerler Makarnalar Kids Burgerler Hot Dogs SPEC\u0130AL Salatalar Aperatifler Alkoll\u00fcler \u0130\u00e7ecekler S\u0131cak \u0130\u00e7ecekler<\/p>\n","protected":false},"author":1,"featured_media":0,"parent":0,"menu_order":0,"comment_status":"closed","ping_status":"closed","template":"","meta":{"footnotes":""},"class_list":["post-2162","page","type-page","status-publish","hentry"],"_links":{"self":[{"href":"https:\/\/hylecode.com\/mottomenu\/wp-json\/wp\/v2\/pages\/2162","targetHints":{"allow":["GET"]}}],"collection":[{"href":"https:\/\/hylecode.com\/mottomenu\/wp-json\/wp\/v2\/pages"}],"about":[{"href":"https:\/\/hylecode.com\/mottomenu\/wp-json\/wp\/v2\/types\/page"}],"author":[{"embeddable":true,"href":"https:\/\/hylecode.com\/mottomenu\/wp-json\/wp\/v2\/users\/1"}],"replies":[{"embeddable":true,"href":"https:\/\/hylecode.com\/mottomenu\/wp-json\/wp\/v2\/comments?post=2162"}],"version-history":[{"count":16,"href":"https:\/\/hylecode.com\/mottomenu\/wp-json\/wp\/v2\/pages\/2162\/revisions"}],"predecessor-version":[{"id":2273,"href":"https:\/\/hylecode.com\/mottomenu\/wp-json\/wp\/v2\/pages\/2162\/revisions\/2273"}],"wp:attachment":[{"href":"https:\/\/hylecode.com\/mottomenu\/wp-json\/wp\/v2\/media?parent=2162"}],"curies":[{"name":"wp","href":"https:\/\/api.w.org\/{rel}","templated":true}]}}