{"id":2146,"date":"2024-11-16T16:43:59","date_gmt":"2024-11-16T13:43:59","guid":{"rendered":"https:\/\/hylecode.com\/mottomenu\/?page_id=2146"},"modified":"2024-11-16T20:49:00","modified_gmt":"2024-11-16T17:49:00","slug":"hot-dog","status":"publish","type":"page","link":"https:\/\/hylecode.com\/mottomenu\/hot-dog\/","title":{"rendered":"Hot Dog"},"content":{"rendered":"<p>[vc_row][vc_column][vc_column_text el_id=&#8221;category_manual_title&#8221;]HOT DOG[\/vc_column_text]<div class=\"woocommerce columns-4 \"><div class=\"products products-grid\">\t<div class=\"col-md-3 col-sm-6 col-xs-6 product type-product post-1325 status-publish first instock product_cat-hotdog has-post-thumbnail shipping-taxable purchasable product-type-variable\">\r\n\t\t<div class=\"product-block grid\" data-product-id=\"1325\">\n    <div class=\"grid-inner\">\n\t\t<a href=\"https:\/\/hylecode.com\/mottomenu\/product\/motto-queen-hot-dog\/\" class=\"link-kapsa\"><\/a>\n    <div class=\"block-inner\">\n        <figure class=\"image\">\n                            <a title=\"Motto Queen Hot Dog\" href=\"https:\/\/hylecode.com\/mottomenu\/product\/motto-queen-hot-dog\/\" class=\"product-image\">\r\n                    <img loading=\"lazy\" decoding=\"async\" src=\"https:\/\/hylecode.com\/mottomenu\/wp-content\/themes\/domnoo\/images\/placeholder\/300x300.png\" data-src=\"https:\/\/hylecode.com\/mottomenu\/wp-content\/uploads\/2017\/08\/54-300x300.jpg\" width=\"300\" height=\"300\" alt=\"54\" class=\"attachment-shop-catalog unveil-image image-no-effect\" \/>                <\/a>\r\n                            \n        <\/figure>\n        <div class=\"groups-button clearfix\">\n                        \n                    <\/div>\n    <\/div>\n    <div class=\"caption\">\n        <div class=\"meta\">\n            <h3 class=\"name\"><a href=\"https:\/\/hylecode.com\/mottomenu\/product\/motto-queen-hot-dog\/\">Motto Queen Hot Dog<\/a><\/h3>\n            <div class=\"infor clearfix\">\n                \n\t<span class=\"price\"><span class=\"woocommerce-Price-amount amount\"><bdi>440.00<span class=\"woocommerce-Price-currencySymbol\">&#8378;<\/span><\/bdi><\/span><\/span>\n%100 dana jambon sosis, rus salatas\u0131, akdeniz ye\u015fillikleri, \u00e7ift cheddar peyniri, korni\u015fon tur\u015fu, kibrit patates, salata, patates                <div class=\"add-cart\"><a href=\"https:\/\/hylecode.com\/mottomenu\/product\/motto-queen-hot-dog\/\" data-quantity=\"1\" class=\"button product_type_variable add_to_cart_button product_type_variable\" data-product_id=\"1325\" data-product_sku=\"\" aria-label=\"Select options for &ldquo;Motto Queen Hot Dog&rdquo;\" aria-describedby=\"This product has multiple variants. The options may be chosen on the product page\" rel=\"nofollow\"><span class=\"title-cart\">Select options<\/span><\/a><\/div>            <\/div>\n        <\/div>    \n    <\/div>\n    <\/div>\n<\/div>\t<\/div>\r\n\t<div class=\"col-md-3 col-sm-6 col-xs-6 product type-product post-1320 status-publish instock product_cat-hotdog has-post-thumbnail shipping-taxable purchasable product-type-variable\">\r\n\t\t<div class=\"product-block grid\" data-product-id=\"1320\">\n    <div class=\"grid-inner\">\n\t\t<a href=\"https:\/\/hylecode.com\/mottomenu\/product\/motto-classic-dog\/\" class=\"link-kapsa\"><\/a>\n    <div class=\"block-inner\">\n        <figure class=\"image\">\n                            <a title=\"Motto Classic Hot Dog\" href=\"https:\/\/hylecode.com\/mottomenu\/product\/motto-classic-dog\/\" class=\"product-image\">\r\n                    <img loading=\"lazy\" decoding=\"async\" src=\"https:\/\/hylecode.com\/mottomenu\/wp-content\/themes\/domnoo\/images\/placeholder\/300x300.png\" data-src=\"https:\/\/hylecode.com\/mottomenu\/wp-content\/uploads\/2017\/08\/9-300x300.jpg\" width=\"300\" height=\"300\" alt=\"9\" class=\"attachment-shop-catalog unveil-image image-no-effect\" \/>                <\/a>\r\n                            \n        <\/figure>\n        <div class=\"groups-button clearfix\">\n                        \n                    <\/div>\n    <\/div>\n    <div class=\"caption\">\n        <div class=\"meta\">\n            <h3 class=\"name\"><a href=\"https:\/\/hylecode.com\/mottomenu\/product\/motto-classic-dog\/\">Motto Classic Hot Dog<\/a><\/h3>\n            <div class=\"infor clearfix\">\n                \n\t<span class=\"price\"><span class=\"woocommerce-Price-amount amount\"><bdi>420.00<span class=\"woocommerce-Price-currencySymbol\">&#8378;<\/span><\/bdi><\/span><\/span>\n%100 dana jumbo sosis, ye\u015fillik, korni\u015fon tur\u015fu, motto sos, patates k\u0131zartmas\u0131 ve                <div class=\"add-cart\"><a href=\"https:\/\/hylecode.com\/mottomenu\/product\/motto-classic-dog\/\" data-quantity=\"1\" class=\"button product_type_variable add_to_cart_button product_type_variable\" data-product_id=\"1320\" data-product_sku=\"\" aria-label=\"Select options for &ldquo;Motto Classic Hot Dog&rdquo;\" aria-describedby=\"This product has multiple variants. The options may be chosen on the product page\" rel=\"nofollow\"><span class=\"title-cart\">Select options<\/span><\/a><\/div>            <\/div>\n        <\/div>    \n    <\/div>\n    <\/div>\n<\/div>\t<\/div>\r\n\t<div class=\"col-md-3 col-sm-6 col-xs-6 product type-product post-1326 status-publish instock product_cat-hotdog has-post-thumbnail shipping-taxable purchasable product-type-variable\">\r\n\t\t<div class=\"product-block grid\" data-product-id=\"1326\">\n    <div class=\"grid-inner\">\n\t\t<a href=\"https:\/\/hylecode.com\/mottomenu\/product\/motto-bacon-hot-dog\/\" class=\"link-kapsa\"><\/a>\n    <div class=\"block-inner\">\n        <figure class=\"image\">\n                            <a title=\"Motto Bacon Hot Dog\" href=\"https:\/\/hylecode.com\/mottomenu\/product\/motto-bacon-hot-dog\/\" class=\"product-image\">\r\n                    <img loading=\"lazy\" decoding=\"async\" src=\"https:\/\/hylecode.com\/mottomenu\/wp-content\/themes\/domnoo\/images\/placeholder\/300x300.png\" data-src=\"https:\/\/hylecode.com\/mottomenu\/wp-content\/uploads\/2017\/08\/11-300x300.jpg\" width=\"300\" height=\"300\" alt=\"11\" class=\"attachment-shop-catalog unveil-image image-no-effect\" \/>                <\/a>\r\n                            \n        <\/figure>\n        <div class=\"groups-button clearfix\">\n                        \n                    <\/div>\n    <\/div>\n    <div class=\"caption\">\n        <div class=\"meta\">\n            <h3 class=\"name\"><a href=\"https:\/\/hylecode.com\/mottomenu\/product\/motto-bacon-hot-dog\/\">Motto Bacon Hot Dog<\/a><\/h3>\n            <div class=\"infor clearfix\">\n                \n\t<span class=\"price\"><span class=\"woocommerce-Price-amount amount\"><bdi>450.00<span class=\"woocommerce-Price-currencySymbol\">&#8378;<\/span><\/bdi><\/span><\/span>\n%100 dana jumbo sosis, mix biber, jalapone, dana f\u00fcme, cheddar ve mozerella peyniri, ye\u015fillik, korni\u015fon tur\u015fu, motto sos, patates cips,                <div class=\"add-cart\"><a href=\"https:\/\/hylecode.com\/mottomenu\/product\/motto-bacon-hot-dog\/\" data-quantity=\"1\" class=\"button product_type_variable add_to_cart_button product_type_variable\" data-product_id=\"1326\" data-product_sku=\"\" aria-label=\"Select options for &ldquo;Motto Bacon Hot Dog&rdquo;\" aria-describedby=\"This product has multiple variants. The options may be chosen on the product page\" rel=\"nofollow\"><span class=\"title-cart\">Select options<\/span><\/a><\/div>            <\/div>\n        <\/div>    \n    <\/div>\n    <\/div>\n<\/div>\t<\/div>\r\n\t<div class=\"col-md-3 col-sm-6 col-xs-6 product type-product post-2306 status-publish last instock product_cat-hotdog has-post-thumbnail shipping-taxable purchasable product-type-variable\">\r\n\t\t<div class=\"product-block grid\" data-product-id=\"2306\">\n    <div class=\"grid-inner\">\n\t\t<a href=\"https:\/\/hylecode.com\/mottomenu\/product\/motto-special-hot-dog\/\" class=\"link-kapsa\"><\/a>\n    <div class=\"block-inner\">\n        <figure class=\"image\">\n                            <a title=\"Motto Special Hot Dog\" href=\"https:\/\/hylecode.com\/mottomenu\/product\/motto-special-hot-dog\/\" class=\"product-image\">\r\n                    <img loading=\"lazy\" decoding=\"async\" src=\"https:\/\/hylecode.com\/mottomenu\/wp-content\/themes\/domnoo\/images\/placeholder\/300x300.png\" data-src=\"https:\/\/hylecode.com\/mottomenu\/wp-content\/uploads\/2017\/08\/13-300x300.jpg\" width=\"300\" height=\"300\" alt=\"13\" class=\"attachment-shop-catalog unveil-image image-no-effect\" \/>                <\/a>\r\n                            \n        <\/figure>\n        <div class=\"groups-button clearfix\">\n                        \n                    <\/div>\n    <\/div>\n    <div class=\"caption\">\n        <div class=\"meta\">\n            <h3 class=\"name\"><a href=\"https:\/\/hylecode.com\/mottomenu\/product\/motto-special-hot-dog\/\">Motto Special Hot Dog<\/a><\/h3>\n            <div class=\"infor clearfix\">\n                \n\t<span class=\"price\"><span class=\"woocommerce-Price-amount amount\"><bdi>450.00<span class=\"woocommerce-Price-currencySymbol\">&#8378;<\/span><\/bdi><\/span><\/span>\n%100 Dana Jambon Sosis, dana f\u00fcme, \u0131zgara mantar, karemelize so\u011fan, \u00e7ift cheddar peyniri, k\u00f6zlenmi\u015f kapya biber, motto sos, domates sos, patates k\u0131zartmas\u0131 ve                <div class=\"add-cart\"><a href=\"https:\/\/hylecode.com\/mottomenu\/product\/motto-special-hot-dog\/\" data-quantity=\"1\" class=\"button product_type_variable add_to_cart_button product_type_variable\" data-product_id=\"2306\" data-product_sku=\"\" aria-label=\"Select options for &ldquo;Motto Special Hot Dog&rdquo;\" aria-describedby=\"This product has multiple variants. The options may be chosen on the product page\" rel=\"nofollow\"><span class=\"title-cart\">Select options<\/span><\/a><\/div>            <\/div>\n        <\/div>    \n    <\/div>\n    <\/div>\n<\/div>\t<\/div>\r\n<\/div><\/div>[\/vc_column][\/vc_row]<\/p>\n","protected":false},"excerpt":{"rendered":"<p>[vc_row][vc_column][vc_column_text el_id=&#8221;category_manual_title&#8221;]HOT DOG[\/vc_column_text][\/vc_column][\/vc_row]<\/p>\n","protected":false},"author":1,"featured_media":0,"parent":0,"menu_order":0,"comment_status":"closed","ping_status":"closed","template":"","meta":{"footnotes":""},"class_list":["post-2146","page","type-page","status-publish","hentry"],"_links":{"self":[{"href":"https:\/\/hylecode.com\/mottomenu\/wp-json\/wp\/v2\/pages\/2146","targetHints":{"allow":["GET"]}}],"collection":[{"href":"https:\/\/hylecode.com\/mottomenu\/wp-json\/wp\/v2\/pages"}],"about":[{"href":"https:\/\/hylecode.com\/mottomenu\/wp-json\/wp\/v2\/types\/page"}],"author":[{"embeddable":true,"href":"https:\/\/hylecode.com\/mottomenu\/wp-json\/wp\/v2\/users\/1"}],"replies":[{"embeddable":true,"href":"https:\/\/hylecode.com\/mottomenu\/wp-json\/wp\/v2\/comments?post=2146"}],"version-history":[{"count":2,"href":"https:\/\/hylecode.com\/mottomenu\/wp-json\/wp\/v2\/pages\/2146\/revisions"}],"predecessor-version":[{"id":2193,"href":"https:\/\/hylecode.com\/mottomenu\/wp-json\/wp\/v2\/pages\/2146\/revisions\/2193"}],"wp:attachment":[{"href":"https:\/\/hylecode.com\/mottomenu\/wp-json\/wp\/v2\/media?parent=2146"}],"curies":[{"name":"wp","href":"https:\/\/api.w.org\/{rel}","templated":true}]}}