{"id":2144,"date":"2024-11-16T16:43:03","date_gmt":"2024-11-16T13:43:03","guid":{"rendered":"https:\/\/hylecode.com\/mottomenu\/?page_id=2144"},"modified":"2024-11-16T20:48:21","modified_gmt":"2024-11-16T17:48:21","slug":"ekonomik-menuler","status":"publish","type":"page","link":"https:\/\/hylecode.com\/mottomenu\/ekonomik-menuler\/","title":{"rendered":"Ekonomik Men\u00fcler"},"content":{"rendered":"<p>[vc_row][vc_column][vc_column_text el_id=&#8221;category_manual_title&#8221;]EKONOM\u0130K MEN\u00dcLER[\/vc_column_text]<div class=\"woocommerce columns-4 \"><div class=\"products products-grid\">\t<div class=\"col-md-3 col-sm-6 col-xs-6 product type-product post-2091 status-publish first instock product_cat-ekonomik-menuler has-post-thumbnail shipping-taxable purchasable product-type-variable has-default-attributes\">\r\n\t\t<div class=\"product-block grid\" data-product-id=\"2091\">\n    <div class=\"grid-inner\">\n\t\t<a href=\"https:\/\/hylecode.com\/mottomenu\/product\/crispy-chicken-burger\/\" class=\"link-kapsa\"><\/a>\n    <div class=\"block-inner\">\n        <figure class=\"image\">\n                            <a title=\"EKO TR\u00dcFL\u00dc CRISPY CHICKEN BURGER\" href=\"https:\/\/hylecode.com\/mottomenu\/product\/crispy-chicken-burger\/\" class=\"product-image\">\r\n                    <img loading=\"lazy\" decoding=\"async\" src=\"https:\/\/hylecode.com\/mottomenu\/wp-content\/themes\/domnoo\/images\/placeholder\/720x499.png\" data-src=\"https:\/\/hylecode.com\/mottomenu\/wp-content\/uploads\/2025\/01\/TURUFLU.jpg\" width=\"720\" height=\"499\" alt=\"T\u00dcR\u00dcFL\u00dc\" class=\"attachment-shop-catalog unveil-image image-no-effect\" \/>                <\/a>\r\n                            \n        <\/figure>\n        <div class=\"groups-button clearfix\">\n                        \n                    <\/div>\n    <\/div>\n    <div class=\"caption\">\n        <div class=\"meta\">\n            <h3 class=\"name\"><a href=\"https:\/\/hylecode.com\/mottomenu\/product\/crispy-chicken-burger\/\">EKO TR\u00dcFL\u00dc CRISPY CHICKEN BURGER<\/a><\/h3>\n            <div class=\"infor clearfix\">\n                \n\t<span class=\"price\"><span class=\"woocommerce-Price-amount amount\"><bdi>430.00<span class=\"woocommerce-Price-currencySymbol\">&#8378;<\/span><\/bdi><\/span><\/span>\nCrispy Tavu\u011fu, T\u00fcr\u00fcf mayonez, Alman tur\u015fusu, 2 cheddar peyniri, Salata, Cips,                <div class=\"add-cart\"><a href=\"https:\/\/hylecode.com\/mottomenu\/product\/crispy-chicken-burger\/\" data-quantity=\"1\" class=\"button product_type_variable add_to_cart_button product_type_variable\" data-product_id=\"2091\" data-product_sku=\"\" aria-label=\"Select options for &ldquo;EKO TR\u00dcFL\u00dc CRISPY CHICKEN BURGER&rdquo;\" aria-describedby=\"This product has multiple variants. The options may be chosen on the product page\" rel=\"nofollow\"><span class=\"title-cart\">Select options<\/span><\/a><\/div>            <\/div>\n        <\/div>    \n    <\/div>\n    <\/div>\n<\/div>\t<\/div>\r\n\t<div class=\"col-md-3 col-sm-6 col-xs-6 product type-product post-2088 status-publish instock product_cat-ekonomik-menuler has-post-thumbnail shipping-taxable purchasable product-type-variable\">\r\n\t\t<div class=\"product-block grid\" data-product-id=\"2088\">\n    <div class=\"grid-inner\">\n\t\t<a href=\"https:\/\/hylecode.com\/mottomenu\/product\/motto-cheese-burger\/\" class=\"link-kapsa\"><\/a>\n    <div class=\"block-inner\">\n        <figure class=\"image\">\n                            <a title=\"EKO MOTTO CHEESE BURGER\" href=\"https:\/\/hylecode.com\/mottomenu\/product\/motto-cheese-burger\/\" class=\"product-image\">\r\n                    <img loading=\"lazy\" decoding=\"async\" src=\"https:\/\/hylecode.com\/mottomenu\/wp-content\/themes\/domnoo\/images\/placeholder\/300x300.png\" data-src=\"https:\/\/hylecode.com\/mottomenu\/wp-content\/uploads\/2017\/08\/41-300x300.jpg\" width=\"300\" height=\"300\" alt=\"41\" class=\"attachment-shop-catalog unveil-image image-no-effect\" \/>                <\/a>\r\n                            \n        <\/figure>\n        <div class=\"groups-button clearfix\">\n                        \n                    <\/div>\n    <\/div>\n    <div class=\"caption\">\n        <div class=\"meta\">\n            <h3 class=\"name\"><a href=\"https:\/\/hylecode.com\/mottomenu\/product\/motto-cheese-burger\/\">EKO MOTTO CHEESE BURGER<\/a><\/h3>\n            <div class=\"infor clearfix\">\n                \n\t<span class=\"price\"><span class=\"woocommerce-Price-amount amount\"><bdi>460.00<span class=\"woocommerce-Price-currencySymbol\">&#8378;<\/span><\/bdi><\/span><\/span>\n100 Gr %100 Dana Eti, domates, ye\u015fillik, korni\u015fon tur\u015fu, karamelize so\u011fan, mozerella ve cheddar peyniri, motto sos, patates cipsi, salata, kutu                <div class=\"add-cart\"><a href=\"https:\/\/hylecode.com\/mottomenu\/product\/motto-cheese-burger\/\" data-quantity=\"1\" class=\"button product_type_variable add_to_cart_button product_type_variable\" data-product_id=\"2088\" data-product_sku=\"\" aria-label=\"Select options for &ldquo;EKO MOTTO CHEESE BURGER&rdquo;\" aria-describedby=\"This product has multiple variants. The options may be chosen on the product page\" rel=\"nofollow\"><span class=\"title-cart\">Select options<\/span><\/a><\/div>            <\/div>\n        <\/div>    \n    <\/div>\n    <\/div>\n<\/div>\t<\/div>\r\n\t<div class=\"col-md-3 col-sm-6 col-xs-6 product type-product post-2089 status-publish instock product_cat-ekonomik-menuler has-post-thumbnail shipping-taxable purchasable product-type-simple\">\r\n\t\t<div class=\"product-block grid\" data-product-id=\"2089\">\n    <div class=\"grid-inner\">\n\t\t<a href=\"https:\/\/hylecode.com\/mottomenu\/product\/motto-chicken-burger\/\" class=\"link-kapsa\"><\/a>\n    <div class=\"block-inner\">\n        <figure class=\"image\">\n                            <a title=\"EKO MOTTO CHICKEN BURGER\" href=\"https:\/\/hylecode.com\/mottomenu\/product\/motto-chicken-burger\/\" class=\"product-image\">\r\n                    <img loading=\"lazy\" decoding=\"async\" src=\"https:\/\/hylecode.com\/mottomenu\/wp-content\/themes\/domnoo\/images\/placeholder\/300x300.png\" data-src=\"https:\/\/hylecode.com\/mottomenu\/wp-content\/uploads\/2017\/08\/34-300x300.jpg\" width=\"300\" height=\"300\" alt=\"34\" class=\"attachment-shop-catalog unveil-image image-no-effect\" \/>                <\/a>\r\n                            \n        <\/figure>\n        <div class=\"groups-button clearfix\">\n                        \n                    <\/div>\n    <\/div>\n    <div class=\"caption\">\n        <div class=\"meta\">\n            <h3 class=\"name\"><a href=\"https:\/\/hylecode.com\/mottomenu\/product\/motto-chicken-burger\/\">EKO MOTTO CHICKEN BURGER<\/a><\/h3>\n            <div class=\"infor clearfix\">\n                \n\t<span class=\"price\"><span class=\"woocommerce-Price-amount amount\"><bdi>400.00<span class=\"woocommerce-Price-currencySymbol\">&#8378;<\/span><\/bdi><\/span><\/span>\nTavuk Fileto, ye\u015fillik, domates, korni\u015fon tur\u015fu, karamelize so\u011fan, motto sos, patates k\u0131zartmas\u0131 , salata ve kutu                <div class=\"add-cart\"><a href=\"?add-to-cart=2089\" data-quantity=\"1\" class=\"button product_type_simple add_to_cart_button ajax_add_to_cart product_type_simple\" data-product_id=\"2089\" data-product_sku=\"\" aria-label=\"Add to cart: &ldquo;EKO MOTTO CHICKEN BURGER&rdquo;\" aria-describedby=\"\" rel=\"nofollow\"><span class=\"title-cart\">Add to cart<\/span><\/a><\/div>            <\/div>\n        <\/div>    \n    <\/div>\n    <\/div>\n<\/div>\t<\/div>\r\n\t<div class=\"col-md-3 col-sm-6 col-xs-6 product type-product post-2090 status-publish last instock product_cat-ekonomik-menuler has-post-thumbnail shipping-taxable purchasable product-type-simple\">\r\n\t\t<div class=\"product-block grid\" data-product-id=\"2090\">\n    <div class=\"grid-inner\">\n\t\t<a href=\"https:\/\/hylecode.com\/mottomenu\/product\/motto-chicken-cheese-burger\/\" class=\"link-kapsa\"><\/a>\n    <div class=\"block-inner\">\n        <figure class=\"image\">\n                            <a title=\"EKO MOTTO CHICKEN CHEESE BURGER\" href=\"https:\/\/hylecode.com\/mottomenu\/product\/motto-chicken-cheese-burger\/\" class=\"product-image\">\r\n                    <img loading=\"lazy\" decoding=\"async\" src=\"https:\/\/hylecode.com\/mottomenu\/wp-content\/themes\/domnoo\/images\/placeholder\/300x300.png\" data-src=\"https:\/\/hylecode.com\/mottomenu\/wp-content\/uploads\/2017\/08\/51-300x300.jpg\" width=\"300\" height=\"300\" alt=\"51\" class=\"attachment-shop-catalog unveil-image image-no-effect\" \/>                <\/a>\r\n                            \n        <\/figure>\n        <div class=\"groups-button clearfix\">\n                        \n                    <\/div>\n    <\/div>\n    <div class=\"caption\">\n        <div class=\"meta\">\n            <h3 class=\"name\"><a href=\"https:\/\/hylecode.com\/mottomenu\/product\/motto-chicken-cheese-burger\/\">EKO MOTTO CHICKEN CHEESE BURGER<\/a><\/h3>\n            <div class=\"infor clearfix\">\n                \n\t<span class=\"price\"><span class=\"woocommerce-Price-amount amount\"><bdi>420.00<span class=\"woocommerce-Price-currencySymbol\">&#8378;<\/span><\/bdi><\/span><\/span>\nTavuk Fileto, ye\u015fillik, domates, korni\u015fon tur\u015fu, karamelize so\u011fan, mozerella peyniri, cheddar peyniri, motto sos patates k\u0131zartmas\u0131, salata ve kutu                <div class=\"add-cart\"><a href=\"?add-to-cart=2090\" data-quantity=\"1\" class=\"button product_type_simple add_to_cart_button ajax_add_to_cart product_type_simple\" data-product_id=\"2090\" data-product_sku=\"\" aria-label=\"Add to cart: &ldquo;EKO MOTTO CHICKEN CHEESE BURGER&rdquo;\" aria-describedby=\"\" rel=\"nofollow\"><span class=\"title-cart\">Add to cart<\/span><\/a><\/div>            <\/div>\n        <\/div>    \n    <\/div>\n    <\/div>\n<\/div>\t<\/div>\r\n\t<div class=\"col-md-3 col-sm-6 col-xs-6 product type-product post-2087 status-publish first instock product_cat-ekonomik-menuler has-post-thumbnail shipping-taxable purchasable product-type-variable\">\r\n\t\t<div class=\"product-block grid\" data-product-id=\"2087\">\n    <div class=\"grid-inner\">\n\t\t<a href=\"https:\/\/hylecode.com\/mottomenu\/product\/motto-classic-burger\/\" class=\"link-kapsa\"><\/a>\n    <div class=\"block-inner\">\n        <figure class=\"image\">\n                            <a title=\"EKO MOTTO CLASSIC BURGER\" href=\"https:\/\/hylecode.com\/mottomenu\/product\/motto-classic-burger\/\" class=\"product-image\">\r\n                    <img loading=\"lazy\" decoding=\"async\" src=\"https:\/\/hylecode.com\/mottomenu\/wp-content\/themes\/domnoo\/images\/placeholder\/300x300.png\" data-src=\"https:\/\/hylecode.com\/mottomenu\/wp-content\/uploads\/2017\/08\/17-300x300.jpg\" width=\"300\" height=\"300\" alt=\"17\" class=\"attachment-shop-catalog unveil-image image-no-effect\" \/>                <\/a>\r\n                            \n        <\/figure>\n        <div class=\"groups-button clearfix\">\n                        \n                    <\/div>\n    <\/div>\n    <div class=\"caption\">\n        <div class=\"meta\">\n            <h3 class=\"name\"><a href=\"https:\/\/hylecode.com\/mottomenu\/product\/motto-classic-burger\/\">EKO MOTTO CLASSIC BURGER<\/a><\/h3>\n            <div class=\"infor clearfix\">\n                \n\t<span class=\"price\"><span class=\"woocommerce-Price-amount amount\"><bdi>440.00<span class=\"woocommerce-Price-currencySymbol\">&#8378;<\/span><\/bdi><\/span><\/span>\n100 Gr %100 Dana Eti, ye\u015fillik, domates, korni\u015fon tur\u015fu, motto sos, patates k\u0131zartmas\u0131, salata ,                <div class=\"add-cart\"><a href=\"https:\/\/hylecode.com\/mottomenu\/product\/motto-classic-burger\/\" data-quantity=\"1\" class=\"button product_type_variable add_to_cart_button product_type_variable\" data-product_id=\"2087\" data-product_sku=\"\" aria-label=\"Select options for &ldquo;EKO MOTTO CLASSIC BURGER&rdquo;\" aria-describedby=\"This product has multiple variants. The options may be chosen on the product page\" rel=\"nofollow\"><span class=\"title-cart\">Select options<\/span><\/a><\/div>            <\/div>\n        <\/div>    \n    <\/div>\n    <\/div>\n<\/div>\t<\/div>\r\n<\/div><\/div>[\/vc_column][\/vc_row]<\/p>\n","protected":false},"excerpt":{"rendered":"<p>[vc_row][vc_column][vc_column_text el_id=&#8221;category_manual_title&#8221;]EKONOM\u0130K MEN\u00dcLER[\/vc_column_text][\/vc_column][\/vc_row]<\/p>\n","protected":false},"author":1,"featured_media":0,"parent":0,"menu_order":0,"comment_status":"closed","ping_status":"closed","template":"","meta":{"footnotes":""},"class_list":["post-2144","page","type-page","status-publish","hentry"],"_links":{"self":[{"href":"https:\/\/hylecode.com\/mottomenu\/wp-json\/wp\/v2\/pages\/2144","targetHints":{"allow":["GET"]}}],"collection":[{"href":"https:\/\/hylecode.com\/mottomenu\/wp-json\/wp\/v2\/pages"}],"about":[{"href":"https:\/\/hylecode.com\/mottomenu\/wp-json\/wp\/v2\/types\/page"}],"author":[{"embeddable":true,"href":"https:\/\/hylecode.com\/mottomenu\/wp-json\/wp\/v2\/users\/1"}],"replies":[{"embeddable":true,"href":"https:\/\/hylecode.com\/mottomenu\/wp-json\/wp\/v2\/comments?post=2144"}],"version-history":[{"count":2,"href":"https:\/\/hylecode.com\/mottomenu\/wp-json\/wp\/v2\/pages\/2144\/revisions"}],"predecessor-version":[{"id":2191,"href":"https:\/\/hylecode.com\/mottomenu\/wp-json\/wp\/v2\/pages\/2144\/revisions\/2191"}],"wp:attachment":[{"href":"https:\/\/hylecode.com\/mottomenu\/wp-json\/wp\/v2\/media?parent=2144"}],"curies":[{"name":"wp","href":"https:\/\/api.w.org\/{rel}","templated":true}]}}